{"id":72,"date":"2025-05-27T15:07:25","date_gmt":"2025-05-27T13:07:25","guid":{"rendered":"https:\/\/furthmoser.bplaced.net\/wordpress\/?page_id=72"},"modified":"2025-05-27T15:15:13","modified_gmt":"2025-05-27T13:15:13","slug":"radtouren","status":"publish","type":"page","link":"https:\/\/furthmoser.bplaced.net\/wordpress\/?page_id=72","title":{"rendered":"Radrouten"},"content":{"rendered":"\n<p>Eine \u00dcbersicht der sch\u00f6nsten Radtouren in Ober\u00f6sterreich<\/p>\n\n\n\n<figure class=\"wp-block-gallery has-nested-images columns-default is-cropped wp-block-gallery-1 is-layout-flex wp-block-gallery-is-layout-flex\">\n<figure class=\"wp-block-image size-large\"><img loading=\"lazy\" decoding=\"async\" width=\"800\" height=\"533\" data-id=\"25\" src=\"https:\/\/furthmoser.bplaced.net\/wordpress\/wp-content\/uploads\/2025\/05\/card-blog1-1.jpg\" alt=\"\" class=\"wp-image-25\" srcset=\"https:\/\/furthmoser.bplaced.net\/wordpress\/wp-content\/uploads\/2025\/05\/card-blog1-1.jpg 800w, https:\/\/furthmoser.bplaced.net\/wordpress\/wp-content\/uploads\/2025\/05\/card-blog1-1-300x200.jpg 300w, https:\/\/furthmoser.bplaced.net\/wordpress\/wp-content\/uploads\/2025\/05\/card-blog1-1-768x512.jpg 768w, https:\/\/furthmoser.bplaced.net\/wordpress\/wp-content\/uploads\/2025\/05\/card-blog1-1-360x240.jpg 360w\" sizes=\"auto, (max-width: 800px) 100vw, 800px\" \/><figcaption class=\"wp-element-caption\">Burg<\/figcaption><\/figure>\n\n\n\n<figure class=\"wp-block-image size-large\"><img loading=\"lazy\" decoding=\"async\" width=\"800\" height=\"533\" data-id=\"29\" src=\"https:\/\/furthmoser.bplaced.net\/wordpress\/wp-content\/uploads\/2025\/05\/card-blog5-1.jpg\" alt=\"\" class=\"wp-image-29\" srcset=\"https:\/\/furthmoser.bplaced.net\/wordpress\/wp-content\/uploads\/2025\/05\/card-blog5-1.jpg 800w, https:\/\/furthmoser.bplaced.net\/wordpress\/wp-content\/uploads\/2025\/05\/card-blog5-1-300x200.jpg 300w, https:\/\/furthmoser.bplaced.net\/wordpress\/wp-content\/uploads\/2025\/05\/card-blog5-1-768x512.jpg 768w, https:\/\/furthmoser.bplaced.net\/wordpress\/wp-content\/uploads\/2025\/05\/card-blog5-1-360x240.jpg 360w\" sizes=\"auto, (max-width: 800px) 100vw, 800px\" \/><figcaption class=\"wp-element-caption\">Schloss<\/figcaption><\/figure>\n\n\n\n<figure class=\"wp-block-image size-large\"><img loading=\"lazy\" decoding=\"async\" width=\"752\" height=\"500\" data-id=\"28\" src=\"https:\/\/furthmoser.bplaced.net\/wordpress\/wp-content\/uploads\/2025\/05\/card-blog4-1.jpg\" alt=\"\" class=\"wp-image-28\" srcset=\"https:\/\/furthmoser.bplaced.net\/wordpress\/wp-content\/uploads\/2025\/05\/card-blog4-1.jpg 752w, https:\/\/furthmoser.bplaced.net\/wordpress\/wp-content\/uploads\/2025\/05\/card-blog4-1-300x199.jpg 300w, https:\/\/furthmoser.bplaced.net\/wordpress\/wp-content\/uploads\/2025\/05\/card-blog4-1-360x240.jpg 360w\" sizes=\"auto, (max-width: 752px) 100vw, 752px\" \/><figcaption class=\"wp-element-caption\">Stadt<\/figcaption><\/figure>\n\n\n\n<figure class=\"wp-block-image size-large\"><img loading=\"lazy\" decoding=\"async\" width=\"1024\" height=\"589\" data-id=\"40\" src=\"https:\/\/furthmoser.bplaced.net\/wordpress\/wp-content\/uploads\/2025\/05\/cropped-donau-scaled-1-1024x589.jpg\" alt=\"\" class=\"wp-image-40\" srcset=\"https:\/\/furthmoser.bplaced.net\/wordpress\/wp-content\/uploads\/2025\/05\/cropped-donau-scaled-1-1024x589.jpg 1024w, https:\/\/furthmoser.bplaced.net\/wordpress\/wp-content\/uploads\/2025\/05\/cropped-donau-scaled-1-300x173.jpg 300w, https:\/\/furthmoser.bplaced.net\/wordpress\/wp-content\/uploads\/2025\/05\/cropped-donau-scaled-1-768x442.jpg 768w, https:\/\/furthmoser.bplaced.net\/wordpress\/wp-content\/uploads\/2025\/05\/cropped-donau-scaled-1-1536x883.jpg 1536w, https:\/\/furthmoser.bplaced.net\/wordpress\/wp-content\/uploads\/2025\/05\/cropped-donau-scaled-1.jpg 2000w\" sizes=\"auto, (max-width: 1024px) 100vw, 1024px\" \/><figcaption class=\"wp-element-caption\">Donau<\/figcaption><\/figure>\n<\/figure>\n","protected":false},"excerpt":{"rendered":"<p>Eine \u00dcbersicht der sch\u00f6nsten Radtouren in Ober\u00f6sterreich<\/p>\n","protected":false},"author":1,"featured_media":0,"parent":0,"menu_order":0,"comment_status":"closed","ping_status":"closed","template":"","meta":{"footnotes":""},"class_list":["post-72","page","type-page","status-publish","hentry"],"yoast_head":"<!-- This site is optimized with the Yoast SEO plugin v27.2 - https:\/\/yoast.com\/product\/yoast-seo-wordpress\/ -->\n<title>Radrouten - Meine Website<\/title>\n<meta name=\"robots\" content=\"index, follow, max-snippet:-1, max-image-preview:large, max-video-preview:-1\" \/>\n<link rel=\"canonical\" href=\"https:\/\/furthmoser.bplaced.net\/wordpress\/?page_id=72\" \/>\n<meta property=\"og:locale\" content=\"de_DE\" \/>\n<meta property=\"og:type\" content=\"article\" \/>\n<meta property=\"og:title\" content=\"Radrouten - Meine Website\" \/>\n<meta property=\"og:description\" content=\"Eine \u00dcbersicht der sch\u00f6nsten Radtouren in Ober\u00f6sterreich\" \/>\n<meta property=\"og:url\" content=\"https:\/\/furthmoser.bplaced.net\/wordpress\/?page_id=72\" \/>\n<meta property=\"og:site_name\" content=\"Meine Website\" \/>\n<meta property=\"article:modified_time\" content=\"2025-05-27T13:15:13+00:00\" \/>\n<meta property=\"og:image\" content=\"https:\/\/furthmoser.bplaced.net\/wordpress\/wp-content\/uploads\/2025\/05\/card-blog1-1.jpg\" \/>\n\t<meta property=\"og:image:width\" content=\"800\" \/>\n\t<meta property=\"og:image:height\" content=\"533\" \/>\n\t<meta property=\"og:image:type\" content=\"image\/jpeg\" \/>\n<meta name=\"twitter:card\" content=\"summary_large_image\" \/>\n<script type=\"application\/ld+json\" class=\"yoast-schema-graph\">{\"@context\":\"https:\/\/schema.org\",\"@graph\":[{\"@type\":\"WebPage\",\"@id\":\"https:\/\/furthmoser.bplaced.net\/wordpress\/?page_id=72\",\"url\":\"https:\/\/furthmoser.bplaced.net\/wordpress\/?page_id=72\",\"name\":\"Radrouten - Meine Website\",\"isPartOf\":{\"@id\":\"https:\/\/furthmoser.bplaced.net\/wordpress\/#website\"},\"primaryImageOfPage\":{\"@id\":\"https:\/\/furthmoser.bplaced.net\/wordpress\/?page_id=72#primaryimage\"},\"image\":{\"@id\":\"https:\/\/furthmoser.bplaced.net\/wordpress\/?page_id=72#primaryimage\"},\"thumbnailUrl\":\"https:\/\/furthmoser.bplaced.net\/wordpress\/wp-content\/uploads\/2025\/05\/card-blog1-1.jpg\",\"datePublished\":\"2025-05-27T13:07:25+00:00\",\"dateModified\":\"2025-05-27T13:15:13+00:00\",\"breadcrumb\":{\"@id\":\"https:\/\/furthmoser.bplaced.net\/wordpress\/?page_id=72#breadcrumb\"},\"inLanguage\":\"de\",\"potentialAction\":[{\"@type\":\"ReadAction\",\"target\":[\"https:\/\/furthmoser.bplaced.net\/wordpress\/?page_id=72\"]}]},{\"@type\":\"ImageObject\",\"inLanguage\":\"de\",\"@id\":\"https:\/\/furthmoser.bplaced.net\/wordpress\/?page_id=72#primaryimage\",\"url\":\"https:\/\/furthmoser.bplaced.net\/wordpress\/wp-content\/uploads\/2025\/05\/card-blog1-1.jpg\",\"contentUrl\":\"https:\/\/furthmoser.bplaced.net\/wordpress\/wp-content\/uploads\/2025\/05\/card-blog1-1.jpg\",\"width\":800,\"height\":533,\"caption\":\"Burg\"},{\"@type\":\"BreadcrumbList\",\"@id\":\"https:\/\/furthmoser.bplaced.net\/wordpress\/?page_id=72#breadcrumb\",\"itemListElement\":[{\"@type\":\"ListItem\",\"position\":1,\"name\":\"Startseite\",\"item\":\"https:\/\/furthmoser.bplaced.net\/wordpress\/\"},{\"@type\":\"ListItem\",\"position\":2,\"name\":\"Radrouten\"}]},{\"@type\":\"WebSite\",\"@id\":\"https:\/\/furthmoser.bplaced.net\/wordpress\/#website\",\"url\":\"https:\/\/furthmoser.bplaced.net\/wordpress\/\",\"name\":\"Meine Website\",\"description\":\"Webdesign f\u00fcr Anf\u00e4nger\",\"potentialAction\":[{\"@type\":\"SearchAction\",\"target\":{\"@type\":\"EntryPoint\",\"urlTemplate\":\"https:\/\/furthmoser.bplaced.net\/wordpress\/?s={search_term_string}\"},\"query-input\":{\"@type\":\"PropertyValueSpecification\",\"valueRequired\":true,\"valueName\":\"search_term_string\"}}],\"inLanguage\":\"de\"}]}<\/script>\n<!-- \/ Yoast SEO plugin. -->","yoast_head_json":{"title":"Radrouten - Meine Website","robots":{"index":"index","follow":"follow","max-snippet":"max-snippet:-1","max-image-preview":"max-image-preview:large","max-video-preview":"max-video-preview:-1"},"canonical":"https:\/\/furthmoser.bplaced.net\/wordpress\/?page_id=72","og_locale":"de_DE","og_type":"article","og_title":"Radrouten - Meine Website","og_description":"Eine \u00dcbersicht der sch\u00f6nsten Radtouren in Ober\u00f6sterreich","og_url":"https:\/\/furthmoser.bplaced.net\/wordpress\/?page_id=72","og_site_name":"Meine Website","article_modified_time":"2025-05-27T13:15:13+00:00","og_image":[{"width":800,"height":533,"url":"https:\/\/furthmoser.bplaced.net\/wordpress\/wp-content\/uploads\/2025\/05\/card-blog1-1.jpg","type":"image\/jpeg"}],"twitter_card":"summary_large_image","schema":{"@context":"https:\/\/schema.org","@graph":[{"@type":"WebPage","@id":"https:\/\/furthmoser.bplaced.net\/wordpress\/?page_id=72","url":"https:\/\/furthmoser.bplaced.net\/wordpress\/?page_id=72","name":"Radrouten - Meine Website","isPartOf":{"@id":"https:\/\/furthmoser.bplaced.net\/wordpress\/#website"},"primaryImageOfPage":{"@id":"https:\/\/furthmoser.bplaced.net\/wordpress\/?page_id=72#primaryimage"},"image":{"@id":"https:\/\/furthmoser.bplaced.net\/wordpress\/?page_id=72#primaryimage"},"thumbnailUrl":"https:\/\/furthmoser.bplaced.net\/wordpress\/wp-content\/uploads\/2025\/05\/card-blog1-1.jpg","datePublished":"2025-05-27T13:07:25+00:00","dateModified":"2025-05-27T13:15:13+00:00","breadcrumb":{"@id":"https:\/\/furthmoser.bplaced.net\/wordpress\/?page_id=72#breadcrumb"},"inLanguage":"de","potentialAction":[{"@type":"ReadAction","target":["https:\/\/furthmoser.bplaced.net\/wordpress\/?page_id=72"]}]},{"@type":"ImageObject","inLanguage":"de","@id":"https:\/\/furthmoser.bplaced.net\/wordpress\/?page_id=72#primaryimage","url":"https:\/\/furthmoser.bplaced.net\/wordpress\/wp-content\/uploads\/2025\/05\/card-blog1-1.jpg","contentUrl":"https:\/\/furthmoser.bplaced.net\/wordpress\/wp-content\/uploads\/2025\/05\/card-blog1-1.jpg","width":800,"height":533,"caption":"Burg"},{"@type":"BreadcrumbList","@id":"https:\/\/furthmoser.bplaced.net\/wordpress\/?page_id=72#breadcrumb","itemListElement":[{"@type":"ListItem","position":1,"name":"Startseite","item":"https:\/\/furthmoser.bplaced.net\/wordpress\/"},{"@type":"ListItem","position":2,"name":"Radrouten"}]},{"@type":"WebSite","@id":"https:\/\/furthmoser.bplaced.net\/wordpress\/#website","url":"https:\/\/furthmoser.bplaced.net\/wordpress\/","name":"Meine Website","description":"Webdesign f\u00fcr Anf\u00e4nger","potentialAction":[{"@type":"SearchAction","target":{"@type":"EntryPoint","urlTemplate":"https:\/\/furthmoser.bplaced.net\/wordpress\/?s={search_term_string}"},"query-input":{"@type":"PropertyValueSpecification","valueRequired":true,"valueName":"search_term_string"}}],"inLanguage":"de"}]}},"_links":{"self":[{"href":"https:\/\/furthmoser.bplaced.net\/wordpress\/index.php?rest_route=\/wp\/v2\/pages\/72","targetHints":{"allow":["GET"]}}],"collection":[{"href":"https:\/\/furthmoser.bplaced.net\/wordpress\/index.php?rest_route=\/wp\/v2\/pages"}],"about":[{"href":"https:\/\/furthmoser.bplaced.net\/wordpress\/index.php?rest_route=\/wp\/v2\/types\/page"}],"author":[{"embeddable":true,"href":"https:\/\/furthmoser.bplaced.net\/wordpress\/index.php?rest_route=\/wp\/v2\/users\/1"}],"replies":[{"embeddable":true,"href":"https:\/\/furthmoser.bplaced.net\/wordpress\/index.php?rest_route=%2Fwp%2Fv2%2Fcomments&post=72"}],"version-history":[{"count":2,"href":"https:\/\/furthmoser.bplaced.net\/wordpress\/index.php?rest_route=\/wp\/v2\/pages\/72\/revisions"}],"predecessor-version":[{"id":76,"href":"https:\/\/furthmoser.bplaced.net\/wordpress\/index.php?rest_route=\/wp\/v2\/pages\/72\/revisions\/76"}],"wp:attachment":[{"href":"https:\/\/furthmoser.bplaced.net\/wordpress\/index.php?rest_route=%2Fwp%2Fv2%2Fmedia&parent=72"}],"curies":[{"name":"wp","href":"https:\/\/api.w.org\/{rel}","templated":true}]}}